{"id":17,"date":"2023-02-27T12:27:36","date_gmt":"2023-02-27T12:27:36","guid":{"rendered":"https:\/\/fsg-group.de\/Website\/?page_id=17"},"modified":"2023-03-07T13:51:55","modified_gmt":"2023-03-07T13:51:55","slug":"marketing","status":"publish","type":"page","link":"https:\/\/fsg-group.de\/Website\/index.php\/marketing\/","title":{"rendered":"Marketing Support"},"content":{"rendered":"<div class='flex_column av-2dd5t-51d0617c42015c479707a8724fc24383 av_one_half  avia-builder-el-0  el_before_av_one_half  avia-builder-el-first  first flex_column_div '     ><style type=\"text\/css\" data-created_by=\"avia_inline_auto\" id=\"style-css-av-leyb1nfp-dc7b779bce4343ede933641a0eae723d\">\n.avia-image-container.av-leyb1nfp-dc7b779bce4343ede933641a0eae723d img.avia_image{\nbox-shadow:none;\n}\n.avia-image-container.av-leyb1nfp-dc7b779bce4343ede933641a0eae723d .av-image-caption-overlay-center{\ncolor:#ffffff;\n}\n<\/style>\n<div  class='avia-image-container av-leyb1nfp-dc7b779bce4343ede933641a0eae723d av-styling- avia-align-center  avia-builder-el-1  avia-builder-el-no-sibling '   itemprop=\"image\" itemscope=\"itemscope\" itemtype=\"https:\/\/schema.org\/ImageObject\" ><div class=\"avia-image-container-inner\"><div class=\"avia-image-overlay-wrap\"><img decoding=\"async\" class='wp-image-564 avia-img-lazy-loading-not-564 avia_image ' src=\"https:\/\/fsg-group.de\/Website\/wp-content\/uploads\/2023\/03\/email-g49393cdb4_1280-495x400.jpg\" alt='' title='email-g49393cdb4_1280'  height=\"400\" width=\"495\"  itemprop=\"thumbnailUrl\"  \/><\/div><\/div><\/div><\/div>\n<div class='flex_column av-1cjrx-a9e3e6bcb6d092cd16f8025f72993177 av_one_half  avia-builder-el-2  el_after_av_one_half  el_before_av_one_half  flex_column_div '     ><section  class='av_textblock_section av-leyb2dwm-2c8dc6b06fe961f5e4a071242967c8cc'  itemscope=\"itemscope\" itemtype=\"https:\/\/schema.org\/CreativeWork\" ><div class='avia_textblock'  itemprop=\"text\" ><h2>Marketing Support<\/h2>\n<p>Das t\u00e4gliche Kerngesch\u00e4ft fordert von vielen Teams in Unternehmen und Organisationen oftmals Einsatz bis zur eigenen Belastungsgrenze.\u00a0\u00a0\u00a0\u00a0\u00a0\u00a0\u00a0\u00a0\u00a0\u00a0\u00a0\u00a0\u00a0\u00a0\u00a0\u00a0\u00a0\u00a0\u00a0\u00a0\u00a0\u00a0\u00a0\u00a0\u00a0\u00a0\u00a0 H\u00e4ufig bleibt in dieser Situation wenig Raum f\u00fcr die Umsetzung von kreativen Marketing- und Vertriebsaktivit\u00e4ten, mit denen auch neue Kundengruppen erreicht werden k\u00f6nnen.<br \/>\nWir haben den Kopf frei f\u00fcr Ihre Idee und bereiten entsprechende Marketing- und Vertriebskampagnen vor \u2013 von der Analyse der Zielm\u00e4rkte \u00fcber die Recherche zum Aufbau zielgruppengenauer Adressdateien, der Gestaltung entsprechender Print- und Online-Medien bis hin zur Organisation entsprechender Versandaktionen und Mailings.<\/p>\n<\/div><\/section><\/div><div class='flex_column av-w7i5-6814c932edbe7d71f69869c2ab35ad29 av_one_half  avia-builder-el-4  el_after_av_one_half  avia-builder-el-last  first flex_column_div column-top-margin'     ><\/div><\/p>\n","protected":false},"excerpt":{"rendered":"","protected":false},"author":5,"featured_media":0,"parent":0,"menu_order":2,"comment_status":"closed","ping_status":"closed","template":"","meta":{"footnotes":""},"class_list":["post-17","page","type-page","status-publish","hentry"],"_links":{"self":[{"href":"https:\/\/fsg-group.de\/Website\/index.php\/wp-json\/wp\/v2\/pages\/17","targetHints":{"allow":["GET"]}}],"collection":[{"href":"https:\/\/fsg-group.de\/Website\/index.php\/wp-json\/wp\/v2\/pages"}],"about":[{"href":"https:\/\/fsg-group.de\/Website\/index.php\/wp-json\/wp\/v2\/types\/page"}],"author":[{"embeddable":true,"href":"https:\/\/fsg-group.de\/Website\/index.php\/wp-json\/wp\/v2\/users\/5"}],"replies":[{"embeddable":true,"href":"https:\/\/fsg-group.de\/Website\/index.php\/wp-json\/wp\/v2\/comments?post=17"}],"version-history":[{"count":6,"href":"https:\/\/fsg-group.de\/Website\/index.php\/wp-json\/wp\/v2\/pages\/17\/revisions"}],"predecessor-version":[{"id":567,"href":"https:\/\/fsg-group.de\/Website\/index.php\/wp-json\/wp\/v2\/pages\/17\/revisions\/567"}],"wp:attachment":[{"href":"https:\/\/fsg-group.de\/Website\/index.php\/wp-json\/wp\/v2\/media?parent=17"}],"curies":[{"name":"wp","href":"https:\/\/api.w.org\/{rel}","templated":true}]}}