{"id":212,"date":"2015-07-14T14:50:10","date_gmt":"2015-07-14T14:50:10","guid":{"rendered":"http:\/\/test.kriesi.at\/minimal-portfolio\/?page_id=9"},"modified":"2023-03-07T15:08:23","modified_gmt":"2023-03-07T15:08:23","slug":"home","status":"publish","type":"page","link":"https:\/\/fsg-group.de\/Website\/","title":{"rendered":"Home"},"content":{"rendered":"<div id='full_slider_1'  class='avia-fullwidth-slider main_color avia-shadow   avia-builder-el-0  el_before_av_section  avia-builder-el-first   container_wrap fullsize'  ><div  class='avia-slideshow av-bm338-9b3dfd12ebe52b94cb291455ae68323c avia-slideshow-large av_slideshow_full avia-fade-slider av-slideshow-ui av-control-minimal av-slideshow-autoplay av-loop-endless av-loop-manual-endless av-default-height-applied   avia-slideshow-1' data-slideshow-options=\"{&quot;animation&quot;:&quot;fade&quot;,&quot;autoplay&quot;:true,&quot;loop_autoplay&quot;:&quot;endless&quot;,&quot;interval&quot;:5,&quot;loop_manual&quot;:&quot;manual-endless&quot;,&quot;autoplay_stopper&quot;:false,&quot;noNavigation&quot;:false,&quot;bg_slider&quot;:false,&quot;keep_padding&quot;:false,&quot;hoverpause&quot;:false,&quot;show_slide_delay&quot;:0}\"  itemprop=\"image\" itemscope=\"itemscope\" itemtype=\"https:\/\/schema.org\/ImageObject\" ><ul class='avia-slideshow-inner ' style='padding-bottom: 37.47572815534%;'><li  class='avia-slideshow-slide av-bm338-9b3dfd12ebe52b94cb291455ae68323c__0  slide-1 slide-odd'><div data-rel='slideshow-1' class='avia-slide-wrap '   ><img decoding=\"async\" class=\"wp-image-447 avia-img-lazy-loading-not-447\"  src=\"https:\/\/fsg-group.de\/Website\/wp-content\/uploads\/2023\/03\/1600-600-PB-Baubesprechung-2284501-1030x386.jpg\" width=\"1030\" height=\"386\" title='1600-600 PB Baubesprechung 2284501' alt='Besprechung'  itemprop=\"thumbnailUrl\" srcset=\"https:\/\/fsg-group.de\/Website\/wp-content\/uploads\/2023\/03\/1600-600-PB-Baubesprechung-2284501-1030x386.jpg 1030w, https:\/\/fsg-group.de\/Website\/wp-content\/uploads\/2023\/03\/1600-600-PB-Baubesprechung-2284501-300x113.jpg 300w, https:\/\/fsg-group.de\/Website\/wp-content\/uploads\/2023\/03\/1600-600-PB-Baubesprechung-2284501-768x288.jpg 768w, https:\/\/fsg-group.de\/Website\/wp-content\/uploads\/2023\/03\/1600-600-PB-Baubesprechung-2284501-1536x576.jpg 1536w, https:\/\/fsg-group.de\/Website\/wp-content\/uploads\/2023\/03\/1600-600-PB-Baubesprechung-2284501-1500x563.jpg 1500w, https:\/\/fsg-group.de\/Website\/wp-content\/uploads\/2023\/03\/1600-600-PB-Baubesprechung-2284501-705x264.jpg 705w, https:\/\/fsg-group.de\/Website\/wp-content\/uploads\/2023\/03\/1600-600-PB-Baubesprechung-2284501.jpg 1600w\" sizes=\"(max-width: 1030px) 100vw, 1030px\" \/><\/div><\/li><li  class='avia-slideshow-slide av-bm338-9b3dfd12ebe52b94cb291455ae68323c__1  slide-2 slide-even'><div data-rel='slideshow-1' class='avia-slide-wrap '   ><img decoding=\"async\" class=\"wp-image-355 avia-img-lazy-loading-not-355\"  src=\"https:\/\/fsg-group.de\/Website\/wp-content\/uploads\/2023\/02\/FlughafenSlider05-1.png\" width=\"800\" height=\"300\" title='FlughafenSlider05' alt=''  itemprop=\"thumbnailUrl\" srcset=\"https:\/\/fsg-group.de\/Website\/wp-content\/uploads\/2023\/02\/FlughafenSlider05-1.png 800w, https:\/\/fsg-group.de\/Website\/wp-content\/uploads\/2023\/02\/FlughafenSlider05-1-300x113.png 300w, https:\/\/fsg-group.de\/Website\/wp-content\/uploads\/2023\/02\/FlughafenSlider05-1-768x288.png 768w, https:\/\/fsg-group.de\/Website\/wp-content\/uploads\/2023\/02\/FlughafenSlider05-1-705x264.png 705w\" sizes=\"(max-width: 800px) 100vw, 800px\" \/><\/div><\/li><li  class='avia-slideshow-slide av-bm338-9b3dfd12ebe52b94cb291455ae68323c__2  slide-3 slide-odd'><div data-rel='slideshow-1' class='avia-slide-wrap '   ><img decoding=\"async\" class=\"wp-image-445 avia-img-lazy-loading-not-445\"  src=\"https:\/\/fsg-group.de\/Website\/wp-content\/uploads\/2023\/03\/1600-600-PB-StartUp-Arbeit-593341-1030x386.jpg\" width=\"1030\" height=\"386\" title='1600-600 - PB - StartUp Arbeit - 593341' alt='Arbeit'  itemprop=\"thumbnailUrl\" srcset=\"https:\/\/fsg-group.de\/Website\/wp-content\/uploads\/2023\/03\/1600-600-PB-StartUp-Arbeit-593341-1030x386.jpg 1030w, https:\/\/fsg-group.de\/Website\/wp-content\/uploads\/2023\/03\/1600-600-PB-StartUp-Arbeit-593341-300x113.jpg 300w, https:\/\/fsg-group.de\/Website\/wp-content\/uploads\/2023\/03\/1600-600-PB-StartUp-Arbeit-593341-768x288.jpg 768w, https:\/\/fsg-group.de\/Website\/wp-content\/uploads\/2023\/03\/1600-600-PB-StartUp-Arbeit-593341-1536x576.jpg 1536w, https:\/\/fsg-group.de\/Website\/wp-content\/uploads\/2023\/03\/1600-600-PB-StartUp-Arbeit-593341-1500x563.jpg 1500w, https:\/\/fsg-group.de\/Website\/wp-content\/uploads\/2023\/03\/1600-600-PB-StartUp-Arbeit-593341-705x264.jpg 705w, https:\/\/fsg-group.de\/Website\/wp-content\/uploads\/2023\/03\/1600-600-PB-StartUp-Arbeit-593341.jpg 1600w\" sizes=\"(max-width: 1030px) 100vw, 1030px\" \/><\/div><\/li><li  class='avia-slideshow-slide av-bm338-9b3dfd12ebe52b94cb291455ae68323c__3  slide-4 slide-even'><div data-rel='slideshow-1' class='avia-slide-wrap '   ><img decoding=\"async\" class=\"wp-image-542 avia-img-lazy-loading-not-542\"  src=\"https:\/\/fsg-group.de\/Website\/wp-content\/uploads\/2023\/03\/evening-atmosphere-g839267b98_1920-1030x688.jpg\" width=\"1030\" height=\"688\" title='evening-atmosphere-g839267b98_1920' alt=''  itemprop=\"thumbnailUrl\" srcset=\"https:\/\/fsg-group.de\/Website\/wp-content\/uploads\/2023\/03\/evening-atmosphere-g839267b98_1920-1030x688.jpg 1030w, https:\/\/fsg-group.de\/Website\/wp-content\/uploads\/2023\/03\/evening-atmosphere-g839267b98_1920-300x200.jpg 300w, https:\/\/fsg-group.de\/Website\/wp-content\/uploads\/2023\/03\/evening-atmosphere-g839267b98_1920-768x513.jpg 768w, https:\/\/fsg-group.de\/Website\/wp-content\/uploads\/2023\/03\/evening-atmosphere-g839267b98_1920-1536x1026.jpg 1536w, https:\/\/fsg-group.de\/Website\/wp-content\/uploads\/2023\/03\/evening-atmosphere-g839267b98_1920-1500x1002.jpg 1500w, https:\/\/fsg-group.de\/Website\/wp-content\/uploads\/2023\/03\/evening-atmosphere-g839267b98_1920-705x471.jpg 705w, https:\/\/fsg-group.de\/Website\/wp-content\/uploads\/2023\/03\/evening-atmosphere-g839267b98_1920.jpg 1920w\" sizes=\"(max-width: 1030px) 100vw, 1030px\" \/><\/div><\/li><\/ul><div class='avia-slideshow-arrows avia-slideshow-controls' ><a href='#prev' class='prev-slide ' aria-hidden='true' data-av_icon='\ue87c' data-av_iconfont='entypo-fontello'  tabindex='-1'>Zur\u00fcck<\/a><a href='#next' class='next-slide ' aria-hidden='true' data-av_icon='\ue87d' data-av_iconfont='entypo-fontello'  tabindex='-1'>Weiter<\/a><\/div><div class='avia-slideshow-dots avia-slideshow-controls'><a href='#1' class='goto-slide active' >1<\/a><a href='#2' class='goto-slide ' >2<\/a><a href='#3' class='goto-slide ' >3<\/a><a href='#4' class='goto-slide ' >4<\/a><\/div><\/div><\/div>\n<div id='av_section_1'  class='avia-section av-2p9z5g-0ca9a8323a8b084f1e37c48637bee93a main_color avia-section-large avia-no-border-styling  avia-builder-el-1  el_after_av_slideshow_full  el_before_av_leaflet_map  avia-bg-style-scroll container_wrap fullsize'  ><div class='container av-section-cont-open' ><div class='template-page content  av-content-full alpha units'><div class='post-entry post-entry-type-page post-entry-212'><div class='entry-content-wrapper clearfix'>\n\n<style type=\"text\/css\" data-created_by=\"avia_inline_auto\" id=\"style-css-av-9aqbg-972f32fa6101f18ecb469bf5079ac202\">\n.flex_column.av-9aqbg-972f32fa6101f18ecb469bf5079ac202{\n-webkit-border-radius:0px 0px 0px 0px;\n-moz-border-radius:0px 0px 0px 0px;\nborder-radius:0px 0px 0px 0px;\npadding:0px 0px 0px 0px;\n}\n<\/style>\n<div class='flex_column av-9aqbg-972f32fa6101f18ecb469bf5079ac202 av_one_full  avia-builder-el-2  el_before_av_one_half  avia-builder-el-first  first flex_column_div av-animated-generic bottom-to-top av-zero-column-padding '     ><style type=\"text\/css\" data-created_by=\"avia_inline_auto\" id=\"style-css-av-2dyb84-a10deebc101b9aee71a558dc9b0780f5\">\n#top .av-special-heading.av-2dyb84-a10deebc101b9aee71a558dc9b0780f5{\npadding-bottom:20px;\ncolor:#000000;\nfont-size:40px;\n}\nbody .av-special-heading.av-2dyb84-a10deebc101b9aee71a558dc9b0780f5 .av-special-heading-tag .heading-char{\nfont-size:25px;\n}\n#top #wrap_all .av-special-heading.av-2dyb84-a10deebc101b9aee71a558dc9b0780f5 .av-special-heading-tag{\nfont-size:40px;\n}\n.av-special-heading.av-2dyb84-a10deebc101b9aee71a558dc9b0780f5 .special-heading-inner-border{\nborder-color:#000000;\n}\n.av-special-heading.av-2dyb84-a10deebc101b9aee71a558dc9b0780f5 .av-subheading{\nfont-size:15px;\n}\n\n@media only screen and (min-width: 480px) and (max-width: 767px){ \n#top #wrap_all .av-special-heading.av-2dyb84-a10deebc101b9aee71a558dc9b0780f5 .av-special-heading-tag{\nfont-size:0.8em;\n}\n}\n\n@media only screen and (max-width: 479px){ \n#top #wrap_all .av-special-heading.av-2dyb84-a10deebc101b9aee71a558dc9b0780f5 .av-special-heading-tag{\nfont-size:0.8em;\n}\n}\n<\/style>\n<div  class='av-special-heading av-2dyb84-a10deebc101b9aee71a558dc9b0780f5 av-special-heading-h1 custom-color-heading blockquote modern-quote  avia-builder-el-3  avia-builder-el-no-sibling  av-inherit-size'><h1 class='av-special-heading-tag'  itemprop=\"headline\"  >Ein guter Kompass f\u00fcr alle Entscheidungen<\/h1><div class=\"special-heading-border\"><div class=\"special-heading-inner-border\"><\/div><\/div><\/div><\/div>\n<style type=\"text\/css\" data-created_by=\"avia_inline_auto\" id=\"style-css-av-2albik-2d70e68cfc9e53d755d8c420d9efb5c6\">\n.flex_column.av-2albik-2d70e68cfc9e53d755d8c420d9efb5c6{\n-webkit-border-radius:0px 0px 0px 0px;\n-moz-border-radius:0px 0px 0px 0px;\nborder-radius:0px 0px 0px 0px;\npadding:0px 0px 0px 0px;\n}\n<\/style>\n<div class='flex_column av-2albik-2d70e68cfc9e53d755d8c420d9efb5c6 av_one_half  avia-builder-el-4  el_after_av_one_full  el_before_av_one_half  first flex_column_div av-animated-generic bottom-to-top av-zero-column-padding column-top-margin'     ><style type=\"text\/css\" data-created_by=\"avia_inline_auto\" id=\"style-css-av-lepr7nhv-3442353c52deb1ffcf8e46d9ce6255f6\">\n.avia-image-container.av-lepr7nhv-3442353c52deb1ffcf8e46d9ce6255f6 img.avia_image{\nbox-shadow:none;\n}\n.avia-image-container.av-lepr7nhv-3442353c52deb1ffcf8e46d9ce6255f6 .av-image-caption-overlay-center{\ncolor:#ffffff;\n}\n<\/style>\n<div  class='avia-image-container av-lepr7nhv-3442353c52deb1ffcf8e46d9ce6255f6 av-styling- avia-align-center  avia-builder-el-5  avia-builder-el-no-sibling '   itemprop=\"image\" itemscope=\"itemscope\" itemtype=\"https:\/\/schema.org\/ImageObject\" ><div class=\"avia-image-container-inner\"><div class=\"avia-image-overlay-wrap\"><img decoding=\"async\" class='wp-image-324 avia-img-lazy-loading-not-324 avia_image ' src=\"https:\/\/fsg-group.de\/Website\/wp-content\/uploads\/2023\/02\/ms-quer.png\" alt='' title='ms-quer'  height=\"267\" width=\"400\"  itemprop=\"thumbnailUrl\" srcset=\"https:\/\/fsg-group.de\/Website\/wp-content\/uploads\/2023\/02\/ms-quer.png 400w, https:\/\/fsg-group.de\/Website\/wp-content\/uploads\/2023\/02\/ms-quer-300x200.png 300w\" sizes=\"(max-width: 400px) 100vw, 400px\" \/><\/div><\/div><\/div><\/div>\n<style type=\"text\/css\" data-created_by=\"avia_inline_auto\" id=\"style-css-av-6zrfo-6abe843fb3a923d350ae9587eb8ba2f8\">\n.flex_column.av-6zrfo-6abe843fb3a923d350ae9587eb8ba2f8{\n-webkit-border-radius:0px 0px 0px 0px;\n-moz-border-radius:0px 0px 0px 0px;\nborder-radius:0px 0px 0px 0px;\npadding:0px 0px 0px 0px;\n}\n<\/style>\n<div class='flex_column av-6zrfo-6abe843fb3a923d350ae9587eb8ba2f8 av_one_half  avia-builder-el-6  el_after_av_one_half  el_before_av_hr  flex_column_div av-animated-generic bottom-to-top av-zero-column-padding column-top-margin'     ><section  class='av_textblock_section av-1o9aas-3b297f397be3f0af2671d7e5b161143a'  itemscope=\"itemscope\" itemtype=\"https:\/\/schema.org\/CreativeWork\" ><div class='avia_textblock'  itemprop=\"text\" ><p>Wir haben gemeinsam mit Ihnen die Zukunft im Blick!<\/p>\n<p>Als flexibler Unterst\u00fctzer f\u00fcr die Themenfelder Marktforschung, Marketing und Digitalisierung arbeiten wir daran, gemeinsam mit Ihnen die Zukunft erfolgreich zu gestalten. Ob mit gezielten Markterhebungen oder flexiblen Digitalisierungs- oder Marketing-Support &#8211; wir sind f\u00fcr Sie da, wenn es darum geht, neue M\u00e4rkte zu erschlie\u00dfen und die Zukunft planbar zu machen.<br \/>\nUnser Beratungsansatz\u00a0 gew\u00e4hrleistet eine kundenindividuelle und umsetzungsorientierte Probleml\u00f6sung. Das interdisziplin\u00e4r zusammengesetzte Team der FSG Group bietet Ihnen diese Dienstleistungen aus einer Hand und verringert dadurch Schnittstellenverluste.<\/p>\n<p>Gemeinsam erreichen wir Ihre Ziele!<\/p>\n<\/div><\/section><\/div>\n<style type=\"text\/css\" data-created_by=\"avia_inline_auto\" id=\"style-css-av-1iggjw-3156fdeee9ac12bf33980d03b4834211\">\n#top .hr.av-1iggjw-3156fdeee9ac12bf33980d03b4834211{\nmargin-top:50px;\nmargin-bottom:80px;\n}\n.hr.av-1iggjw-3156fdeee9ac12bf33980d03b4834211 .hr-inner{\nwidth:50px;\nborder-color:#f2f2f2;\n}\n<\/style>\n<div  class='hr av-1iggjw-3156fdeee9ac12bf33980d03b4834211 hr-custom  avia-builder-el-8  el_after_av_one_half  el_before_av_hr  hr-center hr-icon-no'><span class='hr-inner inner-border-av-border-fat'><span class=\"hr-inner-style\"><\/span><\/span><\/div>\n\n<style type=\"text\/css\" data-created_by=\"avia_inline_auto\" id=\"style-css-av-1b2duk-41f8468fd8c2083643d5732ec9fd25f7\">\n#top .hr.hr-invisible.av-1b2duk-41f8468fd8c2083643d5732ec9fd25f7{\nheight:50px;\n}\n<\/style>\n<div  class='hr av-1b2duk-41f8468fd8c2083643d5732ec9fd25f7 hr-invisible  avia-builder-el-9  el_after_av_hr  el_before_av_masonry_gallery  avia-builder-el-last '><span class='hr-inner '><span class=\"hr-inner-style\"><\/span><\/span><\/div>\n<div id='av-masonry-1' class='av-masonry av-14tm10-0bd2a7bbe03531543ab104923db71a13 noHover av-fixed-size av-large-gap av-hover-overlay-active av-masonry-animation-active av-masonry-col-4 av-caption-on-hover av-caption-style- av-masonry-gallery ' data-post_id=\"212\"><div class=\"av-masonry-container isotope av-js-disabled\"><div class='av-masonry-entry isotope-item av-masonry-item-no-image '><\/div><a href=\"https:\/\/fsg-group.de\/Website\/index.php\/marktforschung\/\"  aria-label=\"Bild 400 &#8211; PB &#8211; Marktforschung &#8211; 5338474\"  id='av-masonry-1-item-451' data-av-masonry-item='451' class='av-masonry-entry isotope-item post-451 attachment type-attachment status-inherit hentry  av-masonry-item-with-image' title=\"400 &#8211; PB &#8211; Marktforschung &#8211; 5338474\" alt=\"Marktforschung\"  data-av-masonry-custom-link=\"https:\/\/fsg-group.de\/Website\/index.php\/marktforschung\/\"  itemprop=\"thumbnailUrl\" ><div class='av-inner-masonry-sizer'><\/div><figure class='av-inner-masonry main_color'><div class=\"av-masonry-outerimage-container\"><div class='av-masonry-image-container' style=\"background-image: url(https:\/\/fsg-group.de\/Website\/wp-content\/uploads\/2023\/03\/400-PB-Marktforschung-5338474.jpg);\"  title=\"400 &#8211; PB &#8211; Marktforschung &#8211; 5338474\"   alt=\"Marktforschung\" ><\/div><\/div><figcaption class='av-inner-masonry-content site-background'><div class='av-inner-masonry-content-pos'><div class='av-inner-masonry-content-pos-content'><div class='avia-arrow'><\/div><div class='av-masonry-entry-content entry-content'  itemprop=\"text\" >Marktforschung<\/div><\/div><\/div><\/figcaption><\/figure><\/a><!--end av-masonry entry--><a href=\"https:\/\/fsg-group.de\/Website\/index.php\/studien\/\"  aria-label=\"Bild 400 &#8211; PB &#8211; Studien &#8211; 2860753\"  id='av-masonry-1-item-452' data-av-masonry-item='452' class='av-masonry-entry isotope-item post-452 attachment type-attachment status-inherit hentry  av-masonry-item-with-image' title=\"400 &#8211; PB &#8211; Studien &#8211; 2860753\" alt=\"Studien\"  data-av-masonry-custom-link=\"https:\/\/fsg-group.de\/Website\/index.php\/studien\/\"  itemprop=\"thumbnailUrl\" ><div class='av-inner-masonry-sizer'><\/div><figure class='av-inner-masonry main_color'><div class=\"av-masonry-outerimage-container\"><div class='av-masonry-image-container' style=\"background-image: url(https:\/\/fsg-group.de\/Website\/wp-content\/uploads\/2023\/03\/400-PB-Studien-2860753.jpg);\"  title=\"400 &#8211; PB &#8211; Studien &#8211; 2860753\"   alt=\"Studien\" ><\/div><\/div><figcaption class='av-inner-masonry-content site-background'><div class='av-inner-masonry-content-pos'><div class='av-inner-masonry-content-pos-content'><div class='avia-arrow'><\/div><div class='av-masonry-entry-content entry-content'  itemprop=\"text\" >Studien<\/div><\/div><\/div><\/figcaption><\/figure><\/a><!--end av-masonry entry--><a href=\"https:\/\/fsg-group.de\/Website\/index.php\/digitalisierung\/\"  aria-label=\"Bild 400 &#8211; PB &#8211; Digitalisierung &#8211; 1599552\"  id='av-masonry-1-item-450' data-av-masonry-item='450' class='av-masonry-entry isotope-item post-450 attachment type-attachment status-inherit hentry  av-masonry-item-with-image' title=\"400 &#8211; PB &#8211; Digitalisierung &#8211; 1599552\" alt=\"Digitalisierung\"  data-av-masonry-custom-link=\"https:\/\/fsg-group.de\/Website\/index.php\/digitalisierung\/\"  itemprop=\"thumbnailUrl\" ><div class='av-inner-masonry-sizer'><\/div><figure class='av-inner-masonry main_color'><div class=\"av-masonry-outerimage-container\"><div class='av-masonry-image-container' style=\"background-image: url(https:\/\/fsg-group.de\/Website\/wp-content\/uploads\/2023\/03\/400-PB-Digitalisierung-1599552.jpg);\"  title=\"400 &#8211; PB &#8211; Digitalisierung &#8211; 1599552\"   alt=\"Digitalisierung\" ><\/div><\/div><figcaption class='av-inner-masonry-content site-background'><div class='av-inner-masonry-content-pos'><div class='av-inner-masonry-content-pos-content'><div class='avia-arrow'><\/div><div class='av-masonry-entry-content entry-content'  itemprop=\"text\" >Digitalisierung<\/div><\/div><\/div><\/figcaption><\/figure><\/a><!--end av-masonry entry--><a href=\"https:\/\/fsg-group.de\/Website\/index.php\/teambuilding\/\"  aria-label=\"Bild 400 &#8211; PB &#8211; Teambuilding &#8211; 2188038\"  id='av-masonry-1-item-453' data-av-masonry-item='453' class='av-masonry-entry isotope-item post-453 attachment type-attachment status-inherit hentry  av-masonry-item-with-image' title=\"400 &#8211; PB &#8211; Teambuilding &#8211; 2188038\" alt=\"Teambuilding\"  data-av-masonry-custom-link=\"https:\/\/fsg-group.de\/Website\/index.php\/teambuilding\/\"  itemprop=\"thumbnailUrl\" ><div class='av-inner-masonry-sizer'><\/div><figure class='av-inner-masonry main_color'><div class=\"av-masonry-outerimage-container\"><div class='av-masonry-image-container' style=\"background-image: url(https:\/\/fsg-group.de\/Website\/wp-content\/uploads\/2023\/03\/400-PB-Teambuilding-2188038.jpg);\"  title=\"400 &#8211; PB &#8211; Teambuilding &#8211; 2188038\"   alt=\"Teambuilding\" ><\/div><\/div><figcaption class='av-inner-masonry-content site-background'><div class='av-inner-masonry-content-pos'><div class='av-inner-masonry-content-pos-content'><div class='avia-arrow'><\/div><div class='av-masonry-entry-content entry-content'  itemprop=\"text\" >Teambuilding<\/div><\/div><\/div><\/figcaption><\/figure><\/a><!--end av-masonry entry--><\/div><\/div>\n\n<style type=\"text\/css\" data-created_by=\"avia_inline_auto\" id=\"style-css-av-y0lt8-ebfb790b2306f4ffb5f32e1356a05858\">\n#top .hr.av-y0lt8-ebfb790b2306f4ffb5f32e1356a05858{\nmargin-top:50px;\nmargin-bottom:80px;\n}\n.hr.av-y0lt8-ebfb790b2306f4ffb5f32e1356a05858 .hr-inner{\nwidth:50px;\nborder-color:#f2f2f2;\n}\n<\/style>\n<div  class='hr av-y0lt8-ebfb790b2306f4ffb5f32e1356a05858 hr-custom  avia-builder-el-11  el_after_av_masonry_gallery  avia-builder-el-no-sibling  hr-center hr-icon-no'><span class='hr-inner inner-border-av-border-fat'><span class=\"hr-inner-style\"><\/span><\/span><\/div>\n\n<div id='avia-leaflet-map-1' class='av_leaflet_sc_main_wrap av-lepkyu17-ed747827c2d849b9ec571b3ed80f1a68 av_leaflet_main_wrap'><div class='avia-leaflet-map-container avia-leaflet-map-sc'><div class=\"leaflet-map WPLeafletMap\" style=\"height:350px; width:100%;\"><\/div><script>\nwindow.WPLeafletMapPlugin = window.WPLeafletMapPlugin || [];\nwindow.WPLeafletMapPlugin.push(function WPLeafletMapShortcode() {\/*<script>*\/\nvar baseUrl = atob('aHR0cHM6Ly97c30udGlsZS5vcGVuc3RyZWV0bWFwLm9yZy97en0ve3h9L3t5fS5wbmc=');\nvar base = (!baseUrl && window.MQ) ? \n    window.MQ.mapLayer() : L.tileLayer(baseUrl, \n        L.Util.extend({}, {\n            detectRetina: 0,\n        }, \n        {\"subdomains\":\"abc\",\"noWrap\":false}        )\n    );\n    var options = L.Util.extend({}, {\n        layers: [base],\n        attributionControl: false\n    }, \n    {\"closePopupOnClick\":false,\"dragging\":true,\"keyboard\":true,\"tap\":false,\"zoomControl\":true,\"scrollWheelZoom\":false,\"doubleClickZoom\":false,\"fitBounds\":false,\"minZoom\":12,\"maxZoom\":20,\"maxBounds\":null,\"attribution\":\"<a href=\\\"http:\\\/\\\/leafletjs.com\\\" title=\\\"Eine Javascript-Bibliothek f\\u00fcr interaktive Karten\\\">Leaflet<\\\/a>; \\u00a9 <a href=\\\"http:\\\/\\\/www.openstreetmap.org\\\/copyright\\\">OpenStreetMap<\\\/a> Mitwirkende\"}, \n    {});\nwindow.WPLeafletMapPlugin.createMap(options).setView([51.2801462,9.5209686],14);window.WPLeafletMapPlugin.createScale({});});<\/script><script>\nwindow.WPLeafletMapPlugin = window.WPLeafletMapPlugin || [];\nwindow.WPLeafletMapPlugin.push(function WPLeafletMarkerShortcode() {\/*<script>*\/\nvar map = window.WPLeafletMapPlugin.getCurrentMap();\nvar group = window.WPLeafletMapPlugin.getCurrentGroup();\nvar marker_options = window.WPLeafletMapPlugin.getIconOptions({\"draggable\":false,\"title\":\"FSG Group\"});\nvar marker = L.marker(\n    [51.2801462,9.5209686], \n    marker_options\n);\nvar is_image = map.is_image_map;\nif (marker_options.draggable) {\n    marker.on('dragend', function () {\n        var latlng = this.getLatLng();\n        var lat = latlng.lat;\n        var lng = latlng.lng;\n        if (is_image) {\n            console.log('leaflet-marker y=' + lat + ' x=' + lng);\n        } else {\n            console.log('leaflet-marker lat=' + lat + ' lng=' + lng);\n        }\n    });\n}\nmarker.addTo( group );\nwindow.WPLeafletMapPlugin.markers.push( marker );\n        });<\/script><\/div><\/div>\n","protected":false},"excerpt":{"rendered":"","protected":false},"author":5,"featured_media":0,"parent":0,"menu_order":0,"comment_status":"open","ping_status":"closed","template":"","meta":{"footnotes":""},"class_list":["post-212","page","type-page","status-publish","hentry"],"_links":{"self":[{"href":"https:\/\/fsg-group.de\/Website\/index.php\/wp-json\/wp\/v2\/pages\/212","targetHints":{"allow":["GET"]}}],"collection":[{"href":"https:\/\/fsg-group.de\/Website\/index.php\/wp-json\/wp\/v2\/pages"}],"about":[{"href":"https:\/\/fsg-group.de\/Website\/index.php\/wp-json\/wp\/v2\/types\/page"}],"author":[{"embeddable":true,"href":"https:\/\/fsg-group.de\/Website\/index.php\/wp-json\/wp\/v2\/users\/5"}],"replies":[{"embeddable":true,"href":"https:\/\/fsg-group.de\/Website\/index.php\/wp-json\/wp\/v2\/comments?post=212"}],"version-history":[{"count":29,"href":"https:\/\/fsg-group.de\/Website\/index.php\/wp-json\/wp\/v2\/pages\/212\/revisions"}],"predecessor-version":[{"id":599,"href":"https:\/\/fsg-group.de\/Website\/index.php\/wp-json\/wp\/v2\/pages\/212\/revisions\/599"}],"wp:attachment":[{"href":"https:\/\/fsg-group.de\/Website\/index.php\/wp-json\/wp\/v2\/media?parent=212"}],"curies":[{"name":"wp","href":"https:\/\/api.w.org\/{rel}","templated":true}]}}