{"id":280,"date":"2023-02-28T10:19:18","date_gmt":"2023-02-28T10:19:18","guid":{"rendered":"https:\/\/fsg-group.de\/Website\/?page_id=280"},"modified":"2023-03-07T14:39:05","modified_gmt":"2023-03-07T14:39:05","slug":"studien","status":"publish","type":"page","link":"https:\/\/fsg-group.de\/Website\/index.php\/studien\/","title":{"rendered":"Studien"},"content":{"rendered":"<div id='av-layout-grid-1'  class='av-layout-grid-container av-3gsobs-150139db23ba98a2c5a0efeeaca588d0 entry-content-wrapper main_color av-flex-cells  avia-builder-el-0  el_before_av_textblock  avia-builder-el-first   container_wrap fullsize'  >\n\n<style type=\"text\/css\" data-created_by=\"avia_inline_auto\" id=\"style-css-av-34t1qw-3224d7f7b79d474ecf78ce7f2f1248c8\">\n.flex_cell.av-34t1qw-3224d7f7b79d474ecf78ce7f2f1248c8{\nvertical-align:middle;\nheight:430px;\nmin-height:430px;\nbackground-color:#f5f5f5;\n}\n.responsive #top #wrap_all .flex_cell.av-34t1qw-3224d7f7b79d474ecf78ce7f2f1248c8{\npadding:30px 100px 30px 100px !important;\n}\n<\/style>\n<div class='flex_cell av-34t1qw-3224d7f7b79d474ecf78ce7f2f1248c8 av-gridrow-cell av_one_full no_margin  avia-builder-el-1  avia-builder-el-no-sibling ' ><div class='flex_cell_inner'><p><div class='flex_column av-kskio-f7c2167690dc4f930d57c2ff5c549c6a av_one_half  avia-builder-el-2  el_before_av_one_half  avia-builder-el-first  first flex_column_div '     ><style type=\"text\/css\" data-created_by=\"avia_inline_auto\" id=\"style-css-av-leyctzyk-dd9f67ac704821c71b96cb9bcd1a8e95\">\n.avia-image-container.av-leyctzyk-dd9f67ac704821c71b96cb9bcd1a8e95 img.avia_image{\nbox-shadow:none;\n}\n.avia-image-container.av-leyctzyk-dd9f67ac704821c71b96cb9bcd1a8e95 .av-image-caption-overlay-center{\ncolor:#ffffff;\n}\n<\/style>\n<div  class='avia-image-container av-leyctzyk-dd9f67ac704821c71b96cb9bcd1a8e95 av-styling- avia-align-center  avia-builder-el-3  avia-builder-el-no-sibling '   itemprop=\"image\" itemscope=\"itemscope\" itemtype=\"https:\/\/schema.org\/ImageObject\" ><div class=\"avia-image-container-inner\"><div class=\"avia-image-overlay-wrap\"><img decoding=\"async\" class='wp-image-575 avia-img-lazy-loading-not-575 avia_image ' src=\"https:\/\/fsg-group.de\/Website\/wp-content\/uploads\/2023\/03\/businessman-gac4fef2c8_1920-1030x430.jpg\" alt='' title='businessman-gac4fef2c8_1920'  height=\"430\" width=\"1030\"  itemprop=\"thumbnailUrl\" srcset=\"https:\/\/fsg-group.de\/Website\/wp-content\/uploads\/2023\/03\/businessman-gac4fef2c8_1920-1030x430.jpg 1030w, https:\/\/fsg-group.de\/Website\/wp-content\/uploads\/2023\/03\/businessman-gac4fef2c8_1920-300x125.jpg 300w, https:\/\/fsg-group.de\/Website\/wp-content\/uploads\/2023\/03\/businessman-gac4fef2c8_1920-768x320.jpg 768w, https:\/\/fsg-group.de\/Website\/wp-content\/uploads\/2023\/03\/businessman-gac4fef2c8_1920-1536x641.jpg 1536w, https:\/\/fsg-group.de\/Website\/wp-content\/uploads\/2023\/03\/businessman-gac4fef2c8_1920-1500x626.jpg 1500w, https:\/\/fsg-group.de\/Website\/wp-content\/uploads\/2023\/03\/businessman-gac4fef2c8_1920-705x294.jpg 705w, https:\/\/fsg-group.de\/Website\/wp-content\/uploads\/2023\/03\/businessman-gac4fef2c8_1920.jpg 1920w\" sizes=\"(max-width: 1030px) 100vw, 1030px\" \/><\/div><\/div><\/div><\/div><div class='flex_column av-d2ihk-b26c9003aeb12805d43a7e89006c7914 av_one_half  avia-builder-el-4  el_after_av_one_half  avia-builder-el-last  flex_column_div '     ><section  class='av_textblock_section av-leyciceo-ba82a3060e35a7b2b33ec873db224f24'  itemscope=\"itemscope\" itemtype=\"https:\/\/schema.org\/CreativeWork\" ><div class='avia_textblock'  itemprop=\"text\" ><h2>Mit fokussierten Studien gut auf zuk\u00fcnftige Entwicklungen vorbereitet sein.<\/h2>\n<p>Spezielle Fragestellungen bed\u00fcrfen einer speziellen Herangehensweise &#8211; wir unterst\u00fctzen Sie dabei Antworten auf zentrale Zukunftsfragen zu erhalten.<\/p>\n<p>Mit unseren g\u00e4ngigen Marktforschungsinstruemnten sowie mittels intensiver Literatur- und Quellenanalyse und bei Bedarf erg\u00e4nzt um qualitative Experteninterviews finden wir auch Antworten auf komplexe Fragestellungen und helfen Ihnen dabei fr\u00fchzeitig Entwicklungstrends zu erkennen.<\/p>\n<p>Dabei ist es uns besonders wichtig, mit Ihnen zun\u00e4chst ein gemeinsames Grundverst\u00e4ndnis f\u00fcr das zu bearbeitende Thema aufzubauen. Denn erst wenn wir einen umfassenden \u00dcberblick \u00fcber die Bed\u00fcrfnisse Ihres Unternehmens oder Ihrer Organisation haben, k\u00f6nnen wir mit gutem Gewissen die notwendige inhaltliche Arbeit leisten.<\/p>\n<p>Unser Anspruch ist es einen wertvollen Beitrag dazu zu leisten, Sie fit f\u00fcr zuk\u00fcnftige Herausforderungen zu machen.<\/p>\n<\/div><\/section><\/div><\/p>\n<\/div><\/div><\/div><div id='after_grid_row_1'  class='main_color av_default_container_wrap container_wrap fullsize'  ><div class='container av-section-cont-open' ><div class='template-page content  av-content-full alpha units'><div class='post-entry post-entry-type-page post-entry-280'><div class='entry-content-wrapper clearfix'><section  class='av_textblock_section av-aiqh4-da26e22f4f6edeb9b27f1d69a3f7ff5e'  itemscope=\"itemscope\" itemtype=\"https:\/\/schema.org\/CreativeWork\" ><div class='avia_textblock'  itemprop=\"text\" ><p>Klicke hier, um Ihren eigenen Text einzuf\u00fcgen<\/p>\n<\/div><\/section><\/p>\n","protected":false},"excerpt":{"rendered":"","protected":false},"author":4,"featured_media":0,"parent":0,"menu_order":0,"comment_status":"closed","ping_status":"closed","template":"","meta":{"footnotes":""},"class_list":["post-280","page","type-page","status-publish","hentry"],"_links":{"self":[{"href":"https:\/\/fsg-group.de\/Website\/index.php\/wp-json\/wp\/v2\/pages\/280","targetHints":{"allow":["GET"]}}],"collection":[{"href":"https:\/\/fsg-group.de\/Website\/index.php\/wp-json\/wp\/v2\/pages"}],"about":[{"href":"https:\/\/fsg-group.de\/Website\/index.php\/wp-json\/wp\/v2\/types\/page"}],"author":[{"embeddable":true,"href":"https:\/\/fsg-group.de\/Website\/index.php\/wp-json\/wp\/v2\/users\/4"}],"replies":[{"embeddable":true,"href":"https:\/\/fsg-group.de\/Website\/index.php\/wp-json\/wp\/v2\/comments?post=280"}],"version-history":[{"count":11,"href":"https:\/\/fsg-group.de\/Website\/index.php\/wp-json\/wp\/v2\/pages\/280\/revisions"}],"predecessor-version":[{"id":578,"href":"https:\/\/fsg-group.de\/Website\/index.php\/wp-json\/wp\/v2\/pages\/280\/revisions\/578"}],"wp:attachment":[{"href":"https:\/\/fsg-group.de\/Website\/index.php\/wp-json\/wp\/v2\/media?parent=280"}],"curies":[{"name":"wp","href":"https:\/\/api.w.org\/{rel}","templated":true}]}}