{"id":5,"date":"2023-02-27T11:35:22","date_gmt":"2023-02-27T11:35:22","guid":{"rendered":"https:\/\/fsg-group.de\/Website\/?page_id=5"},"modified":"2023-03-07T13:12:34","modified_gmt":"2023-03-07T13:12:34","slug":"testseite","status":"publish","type":"page","link":"https:\/\/fsg-group.de\/Website\/index.php\/marketing\/testseite\/","title":{"rendered":"Marktforschung und Evaluierung von Zukunftspotenzialen f\u00fcr Airports"},"content":{"rendered":"<div id='full_slider_1'  class='avia-fullwidth-slider main_color avia-shadow   avia-builder-el-0  el_before_av_one_half  avia-builder-el-first   container_wrap fullsize'  ><div  class='avia-slideshow av-leobdagh-6e6c1a321c05ddb27ff084c9e8a9573e avia-slideshow-entry_without_sidebar av_slideshow_full avia-slide-slider av-slideshow-ui av-control-hidden av-no-slider-navigation av-hide-nav-arrows av-slideshow-autoplay av-loop-endless av-loop-manual-once av-default-height-applied   avia-slideshow-1' data-slideshow-options=\"{&quot;animation&quot;:&quot;slide&quot;,&quot;autoplay&quot;:true,&quot;loop_autoplay&quot;:&quot;endless&quot;,&quot;interval&quot;:3,&quot;loop_manual&quot;:&quot;manual-once&quot;,&quot;autoplay_stopper&quot;:false,&quot;noNavigation&quot;:true,&quot;bg_slider&quot;:false,&quot;transitionSpeed&quot;:3000,&quot;keep_padding&quot;:false,&quot;hoverpause&quot;:false,&quot;show_slide_delay&quot;:0}\"  itemprop=\"image\" itemscope=\"itemscope\" itemtype=\"https:\/\/schema.org\/ImageObject\" ><ul class='avia-slideshow-inner ' style='padding-bottom: 37.5%;'><li  class='avia-slideshow-slide av-leobdagh-6e6c1a321c05ddb27ff084c9e8a9573e__0  slide-1 slide-odd'><div data-rel='slideshow-1' class='avia-slide-wrap '   ><img loading=\"lazy\" decoding=\"async\" class=\"wp-image-351 avia-img-lazy-loading-351\"  src=\"https:\/\/fsg-group.de\/Website\/wp-content\/uploads\/2023\/02\/FlughafenSlider01-1.png\" width=\"800\" height=\"300\" title='FlughafenSlider01' alt=''  itemprop=\"thumbnailUrl\" srcset=\"https:\/\/fsg-group.de\/Website\/wp-content\/uploads\/2023\/02\/FlughafenSlider01-1.png 800w, https:\/\/fsg-group.de\/Website\/wp-content\/uploads\/2023\/02\/FlughafenSlider01-1-300x113.png 300w, https:\/\/fsg-group.de\/Website\/wp-content\/uploads\/2023\/02\/FlughafenSlider01-1-768x288.png 768w, https:\/\/fsg-group.de\/Website\/wp-content\/uploads\/2023\/02\/FlughafenSlider01-1-705x264.png 705w\" sizes=\"auto, (max-width: 800px) 100vw, 800px\" \/><\/div><\/li><li  class='avia-slideshow-slide av-leobdagh-6e6c1a321c05ddb27ff084c9e8a9573e__1  slide-2 slide-even'><div data-rel='slideshow-1' class='avia-slide-wrap '   ><img loading=\"lazy\" decoding=\"async\" class=\"wp-image-352 avia-img-lazy-loading-352\"  src=\"https:\/\/fsg-group.de\/Website\/wp-content\/uploads\/2023\/02\/FlughafenSlider02-1.png\" width=\"800\" height=\"300\" title='FlughafenSlider02' alt=''  itemprop=\"thumbnailUrl\" srcset=\"https:\/\/fsg-group.de\/Website\/wp-content\/uploads\/2023\/02\/FlughafenSlider02-1.png 800w, https:\/\/fsg-group.de\/Website\/wp-content\/uploads\/2023\/02\/FlughafenSlider02-1-300x113.png 300w, https:\/\/fsg-group.de\/Website\/wp-content\/uploads\/2023\/02\/FlughafenSlider02-1-768x288.png 768w, https:\/\/fsg-group.de\/Website\/wp-content\/uploads\/2023\/02\/FlughafenSlider02-1-705x264.png 705w\" sizes=\"auto, (max-width: 800px) 100vw, 800px\" \/><\/div><\/li><li  class='avia-slideshow-slide av-leobdagh-6e6c1a321c05ddb27ff084c9e8a9573e__2  slide-3 slide-odd'><div data-rel='slideshow-1' class='avia-slide-wrap '   ><img loading=\"lazy\" decoding=\"async\" class=\"wp-image-353 avia-img-lazy-loading-353\"  src=\"https:\/\/fsg-group.de\/Website\/wp-content\/uploads\/2023\/02\/FlughafenSlider03-1.png\" width=\"800\" height=\"299\" title='FlughafenSlider03' alt=''  itemprop=\"thumbnailUrl\" srcset=\"https:\/\/fsg-group.de\/Website\/wp-content\/uploads\/2023\/02\/FlughafenSlider03-1.png 800w, https:\/\/fsg-group.de\/Website\/wp-content\/uploads\/2023\/02\/FlughafenSlider03-1-300x112.png 300w, https:\/\/fsg-group.de\/Website\/wp-content\/uploads\/2023\/02\/FlughafenSlider03-1-768x287.png 768w, https:\/\/fsg-group.de\/Website\/wp-content\/uploads\/2023\/02\/FlughafenSlider03-1-705x263.png 705w\" sizes=\"auto, (max-width: 800px) 100vw, 800px\" \/><\/div><\/li><li  class='avia-slideshow-slide av-leobdagh-6e6c1a321c05ddb27ff084c9e8a9573e__3  slide-4 slide-even'><div data-rel='slideshow-1' class='avia-slide-wrap '   ><img loading=\"lazy\" decoding=\"async\" class=\"wp-image-354 avia-img-lazy-loading-354\"  src=\"https:\/\/fsg-group.de\/Website\/wp-content\/uploads\/2023\/02\/FlughafenSlider04-1.png\" width=\"800\" height=\"300\" title='FlughafenSlider04' alt=''  itemprop=\"thumbnailUrl\" srcset=\"https:\/\/fsg-group.de\/Website\/wp-content\/uploads\/2023\/02\/FlughafenSlider04-1.png 800w, https:\/\/fsg-group.de\/Website\/wp-content\/uploads\/2023\/02\/FlughafenSlider04-1-300x113.png 300w, https:\/\/fsg-group.de\/Website\/wp-content\/uploads\/2023\/02\/FlughafenSlider04-1-768x288.png 768w, https:\/\/fsg-group.de\/Website\/wp-content\/uploads\/2023\/02\/FlughafenSlider04-1-705x264.png 705w\" sizes=\"auto, (max-width: 800px) 100vw, 800px\" \/><\/div><\/li><li  class='avia-slideshow-slide av-leobdagh-6e6c1a321c05ddb27ff084c9e8a9573e__4  slide-5 slide-odd'><div data-rel='slideshow-1' class='avia-slide-wrap '   ><img loading=\"lazy\" decoding=\"async\" class=\"wp-image-355 avia-img-lazy-loading-355\"  src=\"https:\/\/fsg-group.de\/Website\/wp-content\/uploads\/2023\/02\/FlughafenSlider05-1.png\" width=\"800\" height=\"300\" title='FlughafenSlider05' alt=''  itemprop=\"thumbnailUrl\" srcset=\"https:\/\/fsg-group.de\/Website\/wp-content\/uploads\/2023\/02\/FlughafenSlider05-1.png 800w, https:\/\/fsg-group.de\/Website\/wp-content\/uploads\/2023\/02\/FlughafenSlider05-1-300x113.png 300w, https:\/\/fsg-group.de\/Website\/wp-content\/uploads\/2023\/02\/FlughafenSlider05-1-768x288.png 768w, https:\/\/fsg-group.de\/Website\/wp-content\/uploads\/2023\/02\/FlughafenSlider05-1-705x264.png 705w\" sizes=\"auto, (max-width: 800px) 100vw, 800px\" \/><\/div><\/li><li  class='avia-slideshow-slide av-leobdagh-6e6c1a321c05ddb27ff084c9e8a9573e__5  slide-6 slide-even'><div data-rel='slideshow-1' class='avia-slide-wrap '   ><img loading=\"lazy\" decoding=\"async\" class=\"wp-image-356 avia-img-lazy-loading-356\"  src=\"https:\/\/fsg-group.de\/Website\/wp-content\/uploads\/2023\/02\/FlughafenSlider06-1.png\" width=\"800\" height=\"300\" title='FlughafenSlider06' alt=''  itemprop=\"thumbnailUrl\" srcset=\"https:\/\/fsg-group.de\/Website\/wp-content\/uploads\/2023\/02\/FlughafenSlider06-1.png 800w, https:\/\/fsg-group.de\/Website\/wp-content\/uploads\/2023\/02\/FlughafenSlider06-1-300x113.png 300w, https:\/\/fsg-group.de\/Website\/wp-content\/uploads\/2023\/02\/FlughafenSlider06-1-768x288.png 768w, https:\/\/fsg-group.de\/Website\/wp-content\/uploads\/2023\/02\/FlughafenSlider06-1-705x264.png 705w\" sizes=\"auto, (max-width: 800px) 100vw, 800px\" \/><\/div><\/li><li  class='avia-slideshow-slide av-leobdagh-6e6c1a321c05ddb27ff084c9e8a9573e__6  slide-7 slide-odd'><div data-rel='slideshow-1' class='avia-slide-wrap '   ><img loading=\"lazy\" decoding=\"async\" class=\"wp-image-357 avia-img-lazy-loading-357\"  src=\"https:\/\/fsg-group.de\/Website\/wp-content\/uploads\/2023\/02\/FlughafenSlider07-1.png\" width=\"800\" height=\"300\" title='FlughafenSlider07' alt=''  itemprop=\"thumbnailUrl\" srcset=\"https:\/\/fsg-group.de\/Website\/wp-content\/uploads\/2023\/02\/FlughafenSlider07-1.png 800w, https:\/\/fsg-group.de\/Website\/wp-content\/uploads\/2023\/02\/FlughafenSlider07-1-300x113.png 300w, https:\/\/fsg-group.de\/Website\/wp-content\/uploads\/2023\/02\/FlughafenSlider07-1-768x288.png 768w, https:\/\/fsg-group.de\/Website\/wp-content\/uploads\/2023\/02\/FlughafenSlider07-1-705x264.png 705w\" sizes=\"auto, (max-width: 800px) 100vw, 800px\" \/><\/div><\/li><\/ul><div class='avia-slideshow-arrows avia-slideshow-controls' ><a href='#prev' class='prev-slide ' aria-hidden='true' data-av_icon='\ue87c' data-av_iconfont='entypo-fontello'  tabindex='-1'>Zur\u00fcck<\/a><a href='#next' class='next-slide ' aria-hidden='true' data-av_icon='\ue87d' data-av_iconfont='entypo-fontello'  tabindex='-1'>Weiter<\/a><\/div><\/div><\/div><div id='after_full_slider_1'  class='main_color av_default_container_wrap container_wrap fullsize'  ><div class='container av-section-cont-open' ><div class='template-page content  av-content-full alpha units'><div class='post-entry post-entry-type-page post-entry-5'><div class='entry-content-wrapper clearfix'>\n<div class='flex_column av-9nfx-f6d103c9a6394b9999bef2bf6355b2df av_one_half  avia-builder-el-1  el_after_av_slideshow_full  el_before_av_one_half  avia-builder-el-first  first flex_column_div '     ><section  class='av_textblock_section av-ler86m49-dbb5efb3e1cec60aa1cc49a3b12ef457'  itemscope=\"itemscope\" itemtype=\"https:\/\/schema.org\/CreativeWork\" ><div class='avia_textblock'  itemprop=\"text\" ><h2><strong>Potenzialermittlungen f\u00fcr Airports im Steigflug<\/strong><\/h2>\n<p>Wir helfen Ihnen mit zielgerichteten Marktanalysen die Flugreisenachfrage der Kunden aus Ihrem Catchment zu analysieren. Durch unsere standardisierten Befragungen von Corporate-Kunden und Reiseb\u00fcro-Partner im Einzugsgebiet erhalten Sie wichtige Anhaltspunkte f\u00fcr das Route Development im Austausch mit den Airlines.<\/p>\n<p>Dabei erhalten Sie von uns alle Projektleistungen aus einer Hand \u2013 vom Aufbau einer qualitativ hochwertigen Adressdatei f\u00fcr den Versand \u00fcber die Gestaltung der Frageb\u00f6gen (auch Online), den Druck &#038; Versand bis zur Ergebnisanalyse und der optionalen Erstellung einer digitalen Traffic Potential Map.<\/p>\n<\/div><\/section><\/div>\n<div class='flex_column av-8gdd-4896a3e572e276d9b72a00e3ba69ccc2 av_one_half  avia-builder-el-3  el_after_av_one_half  el_before_av_hr  flex_column_div '     ><style type=\"text\/css\" data-created_by=\"avia_inline_auto\" id=\"style-css-av-ler8l1hs-a17d9248b4124751270b49fcffe7d7f5\">\n.avia-image-container.av-ler8l1hs-a17d9248b4124751270b49fcffe7d7f5 img.avia_image{\nbox-shadow:none;\n}\n.avia-image-container.av-ler8l1hs-a17d9248b4124751270b49fcffe7d7f5 .av-image-caption-overlay-center{\ncolor:#ffffff;\n}\n<\/style>\n<div  class='avia-image-container av-ler8l1hs-a17d9248b4124751270b49fcffe7d7f5 av-styling- avia-align-center  avia-builder-el-4  avia-builder-el-no-sibling '   itemprop=\"image\" itemscope=\"itemscope\" itemtype=\"https:\/\/schema.org\/ImageObject\" ><div class=\"avia-image-container-inner\"><div class=\"avia-image-overlay-wrap\"><img decoding=\"async\" class='wp-image-364 avia-img-lazy-loading-not-364 avia_image ' src=\"https:\/\/fsg-group.de\/Website\/wp-content\/uploads\/2023\/02\/chart-2785979-495x400.jpg\" alt='' title='chart-2785979'  height=\"400\" width=\"495\"  itemprop=\"thumbnailUrl\"  \/><\/div><\/div><\/div><\/div>\n<div  class='hr av-45nd-926be45552ee52d3f29c0d90a123d73b hr-default  avia-builder-el-5  el_after_av_one_half  el_before_av_one_half '><span class='hr-inner '><span class=\"hr-inner-style\"><\/span><\/span><\/div>\n<div class='flex_column av-a9h9-61e30dde6cc9d9c5f561b116b9fa53f8 av_one_half  avia-builder-el-6  el_after_av_hr  el_before_av_one_half  first flex_column_div '     ><section  class='av_textblock_section av-leob3fur-ec99d43d28291bc860362fae532211ac'  itemscope=\"itemscope\" itemtype=\"https:\/\/schema.org\/CreativeWork\" ><div class='avia_textblock'  itemprop=\"text\" ><h2>Unser Dienstleistungsportfolio f\u00fcr Airports<\/h2>\n<ul>\n<li>Unternehmensbefragungen (Potenzialermittlung f\u00fcr Gesch\u00e4ftsfl\u00fcge im Catchment)<\/li>\n<li>Reiseb\u00fcrobefragungen (Potenzialermittlung f\u00fcr touristischen Verkehr im Catchment)<\/li>\n<li>Validierung von Adress-Datenbanken \/\/ Adress-Recherche<\/li>\n<li>Strategieentwicklung f\u00fcr mittel- und langfristige Herausforderungen<\/li>\n<li>Vertriebs- und Marketing Support<\/li>\n<\/ul>\n<\/div><\/section><\/div>\n<div class='flex_column av-6t1j-d2c47f3eef43fff484cc15b54b62da3d av_one_half  avia-builder-el-8  el_after_av_one_half  el_before_av_heading  flex_column_div '     ><section  class='av_textblock_section av-ler2plsx-19b310010570b553961efa44cc803cc6'  itemscope=\"itemscope\" itemtype=\"https:\/\/schema.org\/CreativeWork\" ><div class='avia_textblock'  itemprop=\"text\" ><h2>Beispielauswahl von Umfragethemen<\/h2>\n<ul>\n<li>Aktuelles Reiseverhalten von Unternehmen in der Catchment Area<\/li>\n<li>Identifizierung von Destinationen mit der h\u00f6chsten Nachfrage<\/li>\n<li>Evaluation von Airport-Services und Einrichtungen aus der Nutzerperspektive<\/li>\n<li>Zukunftsperspektiven \u2013 Nachhaltigkeit und E-Aviation<\/li>\n<li>Sammlung von Anregungen &#038; Ideen<\/li>\n<li>Aufbau von Kommunikationsnetzwerken<\/li>\n<\/ul>\n<p><strong>Download:<\/strong> <a href=\"https:\/\/fsg-group.de\/Website\/wp-content\/uploads\/2023\/02\/Praesentation-Marktforschung_Airports_deustch_FSG-Group_03_2023.pdf\" target=\"_blank\" rel=\"noopener\">Pr\u00e4sentation Marktforschung_Airports<\/a><\/p>\n<\/div><\/section><\/div>\n\n<style type=\"text\/css\" data-created_by=\"avia_inline_auto\" id=\"style-css-av-ler77utb-0dbc61f1db4dc50296050aabd61ce8e4\">\n#top .av-special-heading.av-ler77utb-0dbc61f1db4dc50296050aabd61ce8e4{\npadding-bottom:10px;\n}\nbody .av-special-heading.av-ler77utb-0dbc61f1db4dc50296050aabd61ce8e4 .av-special-heading-tag .heading-char{\nfont-size:25px;\n}\n.av-special-heading.av-ler77utb-0dbc61f1db4dc50296050aabd61ce8e4 .av-subheading{\nfont-size:15px;\n}\n<\/style>\n<div  class='av-special-heading av-ler77utb-0dbc61f1db4dc50296050aabd61ce8e4 av-special-heading-h3  avia-builder-el-10  el_after_av_one_half  el_before_av_one_third '><h3 class='av-special-heading-tag'  itemprop=\"headline\"  >Ausgew\u00e4hlte Airport Referenzen<\/h3><div class=\"special-heading-border\"><div class=\"special-heading-inner-border\"><\/div><\/div><\/div>\n\n<style type=\"text\/css\" data-created_by=\"avia_inline_auto\" id=\"style-css-av-ehj5-98d15760d179183d3125aeb652a441c5\">\n.flex_column.av-ehj5-98d15760d179183d3125aeb652a441c5{\npadding:50px 50px 50px 50px;\n}\n<\/style>\n<div class='flex_column av-ehj5-98d15760d179183d3125aeb652a441c5 av_one_third  avia-builder-el-11  el_after_av_heading  el_before_av_one_third  first flex_column_div '     ><style type=\"text\/css\" data-created_by=\"avia_inline_auto\" id=\"style-css-av-ler745m0-4f5cfed8a1f2533d2d12d113f35dcc1f\">\n.avia-image-container.av-ler745m0-4f5cfed8a1f2533d2d12d113f35dcc1f img.avia_image{\nbox-shadow:none;\n}\n.avia-image-container.av-ler745m0-4f5cfed8a1f2533d2d12d113f35dcc1f .av-image-caption-overlay-center{\ncolor:#ffffff;\n}\n<\/style>\n<div  class='avia-image-container av-ler745m0-4f5cfed8a1f2533d2d12d113f35dcc1f av-styling- avia-align-center  avia-builder-el-12  avia-builder-el-no-sibling '   itemprop=\"image\" itemscope=\"itemscope\" itemtype=\"https:\/\/schema.org\/ImageObject\" ><div class=\"avia-image-container-inner\"><div class=\"avia-image-overlay-wrap\"><img decoding=\"async\" class='wp-image-509 avia-img-lazy-loading-not-509 avia_image ' src=\"https:\/\/fsg-group.de\/Website\/wp-content\/uploads\/2023\/03\/Salzburg.png\" alt='' title='Salzburg'  height=\"207\" width=\"572\"  itemprop=\"thumbnailUrl\" srcset=\"https:\/\/fsg-group.de\/Website\/wp-content\/uploads\/2023\/03\/Salzburg.png 572w, https:\/\/fsg-group.de\/Website\/wp-content\/uploads\/2023\/03\/Salzburg-300x109.png 300w\" sizes=\"(max-width: 572px) 100vw, 572px\" \/><\/div><\/div><\/div><\/div>\n\n<style type=\"text\/css\" data-created_by=\"avia_inline_auto\" id=\"style-css-av-b1qr-e60cd49bd93454a5b10dcda259e0b3ee\">\n.flex_column.av-b1qr-e60cd49bd93454a5b10dcda259e0b3ee{\npadding:50px 50px 50px 50px;\n}\n<\/style>\n<div class='flex_column av-b1qr-e60cd49bd93454a5b10dcda259e0b3ee av_one_third  avia-builder-el-13  el_after_av_one_third  el_before_av_one_third  flex_column_div '     ><style type=\"text\/css\" data-created_by=\"avia_inline_auto\" id=\"style-css-av-ler74eg8-b41e5755a06d8ca2e9f70c03cad96a5b\">\n.avia-image-container.av-ler74eg8-b41e5755a06d8ca2e9f70c03cad96a5b img.avia_image{\nbox-shadow:none;\n}\n.avia-image-container.av-ler74eg8-b41e5755a06d8ca2e9f70c03cad96a5b .av-image-caption-overlay-center{\ncolor:#ffffff;\n}\n<\/style>\n<div  class='avia-image-container av-ler74eg8-b41e5755a06d8ca2e9f70c03cad96a5b av-styling- avia-align-center  avia-builder-el-14  avia-builder-el-no-sibling '   itemprop=\"image\" itemscope=\"itemscope\" itemtype=\"https:\/\/schema.org\/ImageObject\" ><div class=\"avia-image-container-inner\"><div class=\"avia-image-overlay-wrap\"><img decoding=\"async\" class='wp-image-508 avia-img-lazy-loading-not-508 avia_image ' src=\"https:\/\/fsg-group.de\/Website\/wp-content\/uploads\/2023\/03\/Rostock.png\" alt='' title='Rostock'  height=\"309\" width=\"512\"  itemprop=\"thumbnailUrl\" srcset=\"https:\/\/fsg-group.de\/Website\/wp-content\/uploads\/2023\/03\/Rostock.png 512w, https:\/\/fsg-group.de\/Website\/wp-content\/uploads\/2023\/03\/Rostock-300x181.png 300w\" sizes=\"(max-width: 512px) 100vw, 512px\" \/><\/div><\/div><\/div><\/div>\n\n<style type=\"text\/css\" data-created_by=\"avia_inline_auto\" id=\"style-css-av-acud-7bfc240875ff5b445ea3c9938b96a807\">\n.flex_column.av-acud-7bfc240875ff5b445ea3c9938b96a807{\npadding:50px 50px 50px 50px;\n}\n<\/style>\n<div class='flex_column av-acud-7bfc240875ff5b445ea3c9938b96a807 av_one_third  avia-builder-el-15  el_after_av_one_third  el_before_av_one_third  flex_column_div '     ><style type=\"text\/css\" data-created_by=\"avia_inline_auto\" id=\"style-css-av-ler74qrj-c2be43e7bc43ab2d203c1ecc84a74002\">\n.avia-image-container.av-ler74qrj-c2be43e7bc43ab2d203c1ecc84a74002 img.avia_image{\nbox-shadow:none;\n}\n.avia-image-container.av-ler74qrj-c2be43e7bc43ab2d203c1ecc84a74002 .av-image-caption-overlay-center{\ncolor:#ffffff;\n}\n<\/style>\n<div  class='avia-image-container av-ler74qrj-c2be43e7bc43ab2d203c1ecc84a74002 av-styling- avia-align-center  avia-builder-el-16  avia-builder-el-no-sibling '   itemprop=\"image\" itemscope=\"itemscope\" itemtype=\"https:\/\/schema.org\/ImageObject\" ><div class=\"avia-image-container-inner\"><div class=\"avia-image-overlay-wrap\"><img decoding=\"async\" class='wp-image-507 avia-img-lazy-loading-not-507 avia_image ' src=\"https:\/\/fsg-group.de\/Website\/wp-content\/uploads\/2023\/03\/Kassel.png\" alt='' title='Kassel'  height=\"135\" width=\"650\"  itemprop=\"thumbnailUrl\" srcset=\"https:\/\/fsg-group.de\/Website\/wp-content\/uploads\/2023\/03\/Kassel.png 650w, https:\/\/fsg-group.de\/Website\/wp-content\/uploads\/2023\/03\/Kassel-300x62.png 300w\" sizes=\"(max-width: 650px) 100vw, 650px\" \/><\/div><\/div><\/div><\/div>\n\n<style type=\"text\/css\" data-created_by=\"avia_inline_auto\" id=\"style-css-av-704t-33002b2cedaebc097f7f8a51e459446f\">\n.flex_column.av-704t-33002b2cedaebc097f7f8a51e459446f{\npadding:50px 50px 50px 50px;\n}\n<\/style>\n<div class='flex_column av-704t-33002b2cedaebc097f7f8a51e459446f av_one_third  avia-builder-el-17  el_after_av_one_third  el_before_av_one_third  first flex_column_div column-top-margin'     ><style type=\"text\/css\" data-created_by=\"avia_inline_auto\" id=\"style-css-av-ler7678f-022c558b36c74d35712893fa9d85dee4\">\n.avia-image-container.av-ler7678f-022c558b36c74d35712893fa9d85dee4 img.avia_image{\nbox-shadow:none;\n}\n.avia-image-container.av-ler7678f-022c558b36c74d35712893fa9d85dee4 .av-image-caption-overlay-center{\ncolor:#ffffff;\n}\n<\/style>\n<div  class='avia-image-container av-ler7678f-022c558b36c74d35712893fa9d85dee4 av-styling- avia-align-center  avia-builder-el-18  avia-builder-el-no-sibling '   itemprop=\"image\" itemscope=\"itemscope\" itemtype=\"https:\/\/schema.org\/ImageObject\" ><div class=\"avia-image-container-inner\"><div class=\"avia-image-overlay-wrap\"><img decoding=\"async\" class='wp-image-505 avia-img-lazy-loading-not-505 avia_image ' src=\"https:\/\/fsg-group.de\/Website\/wp-content\/uploads\/2023\/03\/Bremen.png\" alt='' title='Bremen'  height=\"144\" width=\"144\"  itemprop=\"thumbnailUrl\" srcset=\"https:\/\/fsg-group.de\/Website\/wp-content\/uploads\/2023\/03\/Bremen.png 144w, https:\/\/fsg-group.de\/Website\/wp-content\/uploads\/2023\/03\/Bremen-80x80.png 80w, https:\/\/fsg-group.de\/Website\/wp-content\/uploads\/2023\/03\/Bremen-36x36.png 36w\" sizes=\"(max-width: 144px) 100vw, 144px\" \/><\/div><\/div><\/div><\/div>\n\n<style type=\"text\/css\" data-created_by=\"avia_inline_auto\" id=\"style-css-av-5ihp-cb1b46a48a05a191fffb008da9ecbe66\">\n.flex_column.av-5ihp-cb1b46a48a05a191fffb008da9ecbe66{\npadding:50px 50px 50px 50px;\n}\n<\/style>\n<div class='flex_column av-5ihp-cb1b46a48a05a191fffb008da9ecbe66 av_one_third  avia-builder-el-19  el_after_av_one_third  el_before_av_one_third  flex_column_div column-top-margin'     ><style type=\"text\/css\" data-created_by=\"avia_inline_auto\" id=\"style-css-av-ler75zhj-e1ed549e19da69c666c88920815e8faa\">\n.avia-image-container.av-ler75zhj-e1ed549e19da69c666c88920815e8faa img.avia_image{\nbox-shadow:none;\n}\n.avia-image-container.av-ler75zhj-e1ed549e19da69c666c88920815e8faa .av-image-caption-overlay-center{\ncolor:#ffffff;\n}\n<\/style>\n<div  class='avia-image-container av-ler75zhj-e1ed549e19da69c666c88920815e8faa av-styling- avia-align-center  avia-builder-el-20  avia-builder-el-no-sibling '   itemprop=\"image\" itemscope=\"itemscope\" itemtype=\"https:\/\/schema.org\/ImageObject\" ><div class=\"avia-image-container-inner\"><div class=\"avia-image-overlay-wrap\"><img decoding=\"async\" class='wp-image-506 avia-img-lazy-loading-not-506 avia_image ' src=\"https:\/\/fsg-group.de\/Website\/wp-content\/uploads\/2023\/03\/Hannover.png\" alt='' title='Hannover'  height=\"159\" width=\"694\"  itemprop=\"thumbnailUrl\" srcset=\"https:\/\/fsg-group.de\/Website\/wp-content\/uploads\/2023\/03\/Hannover.png 694w, https:\/\/fsg-group.de\/Website\/wp-content\/uploads\/2023\/03\/Hannover-300x69.png 300w\" sizes=\"(max-width: 694px) 100vw, 694px\" \/><\/div><\/div><\/div><\/div>\n\n<style type=\"text\/css\" data-created_by=\"avia_inline_auto\" id=\"style-css-av-46yv-d3d55507b0a2d621cee42b3a36112bb6\">\n.flex_column.av-46yv-d3d55507b0a2d621cee42b3a36112bb6{\npadding:80px 80px 80px 80px;\n}\n<\/style>\n<div class='flex_column av-46yv-d3d55507b0a2d621cee42b3a36112bb6 av_one_third  avia-builder-el-21  el_after_av_one_third  avia-builder-el-last  flex_column_div column-top-margin'     ><style type=\"text\/css\" data-created_by=\"avia_inline_auto\" id=\"style-css-av-ler76gbc-c85093f6077dccf962cf2ccc89217343\">\n.avia-image-container.av-ler76gbc-c85093f6077dccf962cf2ccc89217343 img.avia_image{\nbox-shadow:none;\n}\n.avia-image-container.av-ler76gbc-c85093f6077dccf962cf2ccc89217343 .av-image-caption-overlay-center{\ncolor:#ffffff;\n}\n<\/style>\n<div  class='avia-image-container av-ler76gbc-c85093f6077dccf962cf2ccc89217343 av-styling- avia-align-center  avia-builder-el-22  avia-builder-el-no-sibling '   itemprop=\"image\" itemscope=\"itemscope\" itemtype=\"https:\/\/schema.org\/ImageObject\" ><div class=\"avia-image-container-inner\"><div class=\"avia-image-overlay-wrap\"><img decoding=\"async\" class='wp-image-504 avia-img-lazy-loading-not-504 avia_image ' src=\"https:\/\/fsg-group.de\/Website\/wp-content\/uploads\/2023\/03\/Bern.png\" alt='' title='Bern'  height=\"141\" width=\"303\"  itemprop=\"thumbnailUrl\" srcset=\"https:\/\/fsg-group.de\/Website\/wp-content\/uploads\/2023\/03\/Bern.png 303w, https:\/\/fsg-group.de\/Website\/wp-content\/uploads\/2023\/03\/Bern-300x140.png 300w\" sizes=\"(max-width: 303px) 100vw, 303px\" \/><\/div><\/div><\/div><\/div>\n","protected":false},"excerpt":{"rendered":"","protected":false},"author":1,"featured_media":0,"parent":17,"menu_order":2,"comment_status":"closed","ping_status":"closed","template":"","meta":{"footnotes":""},"class_list":["post-5","page","type-page","status-publish","hentry"],"_links":{"self":[{"href":"https:\/\/fsg-group.de\/Website\/index.php\/wp-json\/wp\/v2\/pages\/5","targetHints":{"allow":["GET"]}}],"collection":[{"href":"https:\/\/fsg-group.de\/Website\/index.php\/wp-json\/wp\/v2\/pages"}],"about":[{"href":"https:\/\/fsg-group.de\/Website\/index.php\/wp-json\/wp\/v2\/types\/page"}],"author":[{"embeddable":true,"href":"https:\/\/fsg-group.de\/Website\/index.php\/wp-json\/wp\/v2\/users\/1"}],"replies":[{"embeddable":true,"href":"https:\/\/fsg-group.de\/Website\/index.php\/wp-json\/wp\/v2\/comments?post=5"}],"version-history":[{"count":44,"href":"https:\/\/fsg-group.de\/Website\/index.php\/wp-json\/wp\/v2\/pages\/5\/revisions"}],"predecessor-version":[{"id":550,"href":"https:\/\/fsg-group.de\/Website\/index.php\/wp-json\/wp\/v2\/pages\/5\/revisions\/550"}],"up":[{"embeddable":true,"href":"https:\/\/fsg-group.de\/Website\/index.php\/wp-json\/wp\/v2\/pages\/17"}],"wp:attachment":[{"href":"https:\/\/fsg-group.de\/Website\/index.php\/wp-json\/wp\/v2\/media?parent=5"}],"curies":[{"name":"wp","href":"https:\/\/api.w.org\/{rel}","templated":true}]}}