{"id":637,"date":"2024-03-11T15:36:43","date_gmt":"2024-03-11T15:36:43","guid":{"rendered":"https:\/\/fsg-group.de\/Website\/?page_id=637"},"modified":"2024-03-11T15:51:42","modified_gmt":"2024-03-11T15:51:42","slug":"entwicklung-foerderfaehiger-fe-projekte","status":"publish","type":"page","link":"https:\/\/fsg-group.de\/Website\/index.php\/entwicklung-foerderfaehiger-fe-projekte\/","title":{"rendered":"Entwicklung f\u00f6rderf\u00e4higer F&#038;E Projekte"},"content":{"rendered":"<section  class='av_textblock_section av-ltn3hc80-72196df98932060bc04578ee757ab09b'  itemscope=\"itemscope\" itemtype=\"https:\/\/schema.org\/CreativeWork\" ><div class='avia_textblock'  itemprop=\"text\" ><h1><\/h1>\n<h1>Entwicklung f\u00f6rderf\u00e4higer F&amp;E Projekte<\/h1>\n<p>Projektideen mit erkennbaren Realisierungschancen werden in Projektskizzen beschrieben und als Entscheidungsvorlagen aufbereitet. Parallel dazu werden Finanzierungsm\u00f6glichkeiten analysiert und erschlossen. Ein besonderer Focus liegt dabei auf den F\u00f6rderprogrammen von Bund und L\u00e4ndern.<\/p>\n<\/div><\/section>\n","protected":false},"excerpt":{"rendered":"","protected":false},"author":1,"featured_media":0,"parent":0,"menu_order":0,"comment_status":"closed","ping_status":"closed","template":"","meta":{"footnotes":""},"class_list":["post-637","page","type-page","status-publish","hentry"],"_links":{"self":[{"href":"https:\/\/fsg-group.de\/Website\/index.php\/wp-json\/wp\/v2\/pages\/637","targetHints":{"allow":["GET"]}}],"collection":[{"href":"https:\/\/fsg-group.de\/Website\/index.php\/wp-json\/wp\/v2\/pages"}],"about":[{"href":"https:\/\/fsg-group.de\/Website\/index.php\/wp-json\/wp\/v2\/types\/page"}],"author":[{"embeddable":true,"href":"https:\/\/fsg-group.de\/Website\/index.php\/wp-json\/wp\/v2\/users\/1"}],"replies":[{"embeddable":true,"href":"https:\/\/fsg-group.de\/Website\/index.php\/wp-json\/wp\/v2\/comments?post=637"}],"version-history":[{"count":4,"href":"https:\/\/fsg-group.de\/Website\/index.php\/wp-json\/wp\/v2\/pages\/637\/revisions"}],"predecessor-version":[{"id":657,"href":"https:\/\/fsg-group.de\/Website\/index.php\/wp-json\/wp\/v2\/pages\/637\/revisions\/657"}],"wp:attachment":[{"href":"https:\/\/fsg-group.de\/Website\/index.php\/wp-json\/wp\/v2\/media?parent=637"}],"curies":[{"name":"wp","href":"https:\/\/api.w.org\/{rel}","templated":true}]}}