{"id":646,"date":"2024-03-11T15:34:25","date_gmt":"2024-03-11T15:34:25","guid":{"rendered":"https:\/\/fsg-group.de\/Website\/?page_id=646"},"modified":"2024-03-11T15:52:18","modified_gmt":"2024-03-11T15:52:18","slug":"analyse-des-innovationspotenzials","status":"publish","type":"page","link":"https:\/\/fsg-group.de\/Website\/index.php\/analyse-des-innovationspotenzials\/","title":{"rendered":"Analyse des Innovationspotenzials"},"content":{"rendered":"<section  class='av_textblock_section av-ltn3t7q6-49710d01757010b3899891848b8efec7'  itemscope=\"itemscope\" itemtype=\"https:\/\/schema.org\/CreativeWork\" ><div class='avia_textblock'  itemprop=\"text\" ><h1><\/h1>\n<h1>Analyse des Innovationspotenzials<\/h1>\n<p>Die Nutzung des vorhandenen Innovationspotenzials wird speziell in Kleinen und Mittleren Unternehmen (KMU) h\u00e4ufig vernachl\u00e4ssigt. Die Gr\u00fcnde daf\u00fcr sind vielschichtig. Sie f\u00fchren zu einer latenten Verringerung der Marktchancen des Unternehmens.<br \/>\nAuf der Basis der vom Bundesministerium f\u00fcr Wirtschaft herausgegebenen Analysemethode \u201eWissensbilanz \u2013 Made in Germany\u201c erarbeiten die Spezialisten der FSG Group detaillierte Portfolioanalysen der im Unternehmen gebundenen Ressourcen. \u00dcber den Einsatz diverser Kreativit\u00e4tstechniken werden Projektideen formuliert und ihre Erfolgsaussichten bewertet.<\/p>\n<\/div><\/section>\n","protected":false},"excerpt":{"rendered":"","protected":false},"author":1,"featured_media":0,"parent":0,"menu_order":0,"comment_status":"closed","ping_status":"closed","template":"","meta":{"footnotes":""},"class_list":["post-646","page","type-page","status-publish","hentry"],"_links":{"self":[{"href":"https:\/\/fsg-group.de\/Website\/index.php\/wp-json\/wp\/v2\/pages\/646","targetHints":{"allow":["GET"]}}],"collection":[{"href":"https:\/\/fsg-group.de\/Website\/index.php\/wp-json\/wp\/v2\/pages"}],"about":[{"href":"https:\/\/fsg-group.de\/Website\/index.php\/wp-json\/wp\/v2\/types\/page"}],"author":[{"embeddable":true,"href":"https:\/\/fsg-group.de\/Website\/index.php\/wp-json\/wp\/v2\/users\/1"}],"replies":[{"embeddable":true,"href":"https:\/\/fsg-group.de\/Website\/index.php\/wp-json\/wp\/v2\/comments?post=646"}],"version-history":[{"count":2,"href":"https:\/\/fsg-group.de\/Website\/index.php\/wp-json\/wp\/v2\/pages\/646\/revisions"}],"predecessor-version":[{"id":659,"href":"https:\/\/fsg-group.de\/Website\/index.php\/wp-json\/wp\/v2\/pages\/646\/revisions\/659"}],"wp:attachment":[{"href":"https:\/\/fsg-group.de\/Website\/index.php\/wp-json\/wp\/v2\/media?parent=646"}],"curies":[{"name":"wp","href":"https:\/\/api.w.org\/{rel}","templated":true}]}}