{"id":670,"date":"2024-03-11T17:13:21","date_gmt":"2024-03-11T17:13:21","guid":{"rendered":"https:\/\/fsg-group.de\/Website\/?page_id=670"},"modified":"2024-03-19T12:54:20","modified_gmt":"2024-03-19T12:54:20","slug":"externer-it-sicherheitsbeauftragter-2","status":"publish","type":"page","link":"https:\/\/fsg-group.de\/Website\/index.php\/externer-it-sicherheitsbeauftragter-2\/","title":{"rendered":"Externer IT-Sicherheitsbeauftragter"},"content":{"rendered":"<section  class='av_textblock_section av-ltn754gr-4b05dd75528ac798b41b94dd22d31ea9'  itemscope=\"itemscope\" itemtype=\"https:\/\/schema.org\/CreativeWork\" ><div class='avia_textblock'  itemprop=\"text\" ><h2>Unser Angebot zur Stellung des externen IT-Sicherheitsbeauftragten<\/h2>\n<p>Durch die zunehmende Digitalisierung sind vor allem kleine und mittelst\u00e4ndische Unternehmen (KMUs) Cyber-Bedrohungen ausgesetzt. Dabei wird k\u00fcnstliche Intelligenz immer h\u00e4ufiger durch ihre leichte Bedienung f\u00fcr kriminelle Zwecke missbraucht und Betrugsmaschen dadurch immer ausgereifter.<\/p>\n<\/div><\/section>\n<div class='flex_column av-av_one_half-7714eba142aeda1f8b5272a3c372b279 av_one_half  avia-builder-el-1  el_after_av_textblock  el_before_av_one_half  first flex_column_div column-top-margin'     ><section  class='av_textblock_section av-ltn76cgl-9c6e4733cf9c300db35339c0b54788cd'  itemscope=\"itemscope\" itemtype=\"https:\/\/schema.org\/CreativeWork\" ><div class='avia_textblock'  itemprop=\"text\" ><p><strong>M\u00f6gliche Gefahren<\/strong><\/p>\n<ul>\n<li>Industriespionage<\/li>\n<li>Hackerangriffe<\/li>\n<li>Schadprogramme, Viren, Trojaner<\/li>\n<li>Verlust von Daten<\/li>\n<li>L\u00f6segeldforderungen<\/li>\n<li>hoher Schaden<\/li>\n<li>Imageverlust<\/li>\n<\/ul>\n<p>15 Mio. Meldungen zu Schadprogramm-Infektionen in Deutschland \u00fcbermittelte das BSI* im Berichtszeitraum an deutsche Netzbetreiber.<\/p>\n<\/div><\/section><\/div>\n<style type=\"text\/css\" data-created_by=\"avia_inline_auto\" id=\"style-css-av-ltyd5pyy-10ba651570e24e88f644788e3f1b22e0\">\n.flex_column.av-ltyd5pyy-10ba651570e24e88f644788e3f1b22e0{\nheight:auto;\nmin-height:300px;\n}\n<\/style>\n<div class='flex_column av-ltyd5pyy-10ba651570e24e88f644788e3f1b22e0 av_one_half  avia-builder-el-3  el_after_av_one_half  el_before_av_one_half  flex_column_div avia-full-contain column-top-margin'     ><style type=\"text\/css\" data-created_by=\"avia_inline_auto\" id=\"style-css-av-ltydl6sk-8d341df2a8363334cbbe121bbf6d3605\">\n.avia-image-container.av-ltydl6sk-8d341df2a8363334cbbe121bbf6d3605 img.avia_image{\nbox-shadow:none;\n}\n.avia-image-container.av-ltydl6sk-8d341df2a8363334cbbe121bbf6d3605 .av-image-caption-overlay-center{\ncolor:#ffffff;\n}\n<\/style>\n<div  class='avia-image-container av-ltydl6sk-8d341df2a8363334cbbe121bbf6d3605 av-styling- avia-align-center  avia-builder-el-4  avia-builder-el-no-sibling '   itemprop=\"image\" itemscope=\"itemscope\" itemtype=\"https:\/\/schema.org\/ImageObject\" ><div class=\"avia-image-container-inner\"><div class=\"avia-image-overlay-wrap\"><img decoding=\"async\" class='wp-image-699 avia-img-lazy-loading-not-699 avia_image ' src=\"https:\/\/fsg-group.de\/Website\/wp-content\/uploads\/2024\/03\/businessman-gac4fef2c8_1920_16-9.jpg\" alt='Buisness' title='businessman-gac4fef2c8_1920_16-9'  height=\"800\" width=\"1423\"  itemprop=\"thumbnailUrl\" srcset=\"https:\/\/fsg-group.de\/Website\/wp-content\/uploads\/2024\/03\/businessman-gac4fef2c8_1920_16-9.jpg 1423w, https:\/\/fsg-group.de\/Website\/wp-content\/uploads\/2024\/03\/businessman-gac4fef2c8_1920_16-9-300x169.jpg 300w, https:\/\/fsg-group.de\/Website\/wp-content\/uploads\/2024\/03\/businessman-gac4fef2c8_1920_16-9-1030x579.jpg 1030w, https:\/\/fsg-group.de\/Website\/wp-content\/uploads\/2024\/03\/businessman-gac4fef2c8_1920_16-9-768x432.jpg 768w, https:\/\/fsg-group.de\/Website\/wp-content\/uploads\/2024\/03\/businessman-gac4fef2c8_1920_16-9-705x396.jpg 705w\" sizes=\"(max-width: 1423px) 100vw, 1423px\" \/><\/div><\/div><\/div><\/div><div class='flex_column av-av_one_half-7714eba142aeda1f8b5272a3c372b279 av_one_half  avia-builder-el-5  el_after_av_one_half  el_before_av_one_half  first flex_column_div column-top-margin'     ><section  class='av_textblock_section av-ltn792kp-7994d257387b6c22b24abd6428d51eda'  itemscope=\"itemscope\" itemtype=\"https:\/\/schema.org\/CreativeWork\" ><div class='avia_textblock'  itemprop=\"text\" ><p><strong>Haftung bei Verst\u00f6\u00dfen<\/strong><\/p>\n<ul>\n<li>der Gesch\u00e4ftsf\u00fchrer haftet unbegrenzt mit seinem Privatverm\u00f6gen (auch bei einer GmbH)<\/li>\n<li>interner IT-Sicherheitsbeauftragter haftet nur mit Arbeitnehmerhaftung (sehr gering)<\/li>\n<li>externer IT-Sicherheitsbeauftragter haftet \u00fcber seine Verm\u00f6gensschadenshaftpflichtversicherung f\u00fcr seine Beratungsleistung, mittelst\u00e4ndische Firmen sind besonders bedroht**<\/li>\n<li>besonders ausl\u00e4ndische Hackergruppen greifen gezielt die IT von mittelst\u00e4ndischen Unternehmen in Deutschland an: mit Schadprogrammen verschl\u00fcsseln Hacker sensible Daten und erpressen L\u00f6segelder<\/li>\n<li>Bezahlen die Opfer nicht, werden s\u00e4mtliche verschl\u00fcsselte Daten und Gesch\u00e4ftsgeheimnisse im Darknet ver\u00f6ffentlicht: Personalausweise, Vertr\u00e4ge, Bilanzen, E-Mails, Projekte usw.<\/li>\n<li>Laut Bitkom liegt der Schaden bei mehr als 200 Milliarden Euro j\u00e4hrlich, wobei das LKA davon ausgeht, dass lediglich nur 10% der F\u00e4lle angezeigt werden<\/li>\n<\/ul>\n<p>**Quelle: NDR &#8211; Cyberangriffe: Wenn Gesch\u00e4ftsgeheimnisse im Darknet landen<\/p>\n<\/div><\/section><\/div><div class='flex_column av-av_one_half-f1c518e9ff58e869f80c8f093487abc9 av_one_half  avia-builder-el-7  el_after_av_one_half  el_before_av_textblock  flex_column_div column-top-margin'     ><style type=\"text\/css\" data-created_by=\"avia_inline_auto\" id=\"style-css-av-ltydhgk0-5930e736edc71758d1179e52330e36e3\">\n.avia-image-container.av-ltydhgk0-5930e736edc71758d1179e52330e36e3 img.avia_image{\nbox-shadow:none;\n}\n.avia-image-container.av-ltydhgk0-5930e736edc71758d1179e52330e36e3 .av-image-caption-overlay-center{\ncolor:#ffffff;\n}\n<\/style>\n<div  class='avia-image-container av-ltydhgk0-5930e736edc71758d1179e52330e36e3 av-styling- avia-align-center  avia-builder-el-8  avia-builder-el-no-sibling '   itemprop=\"image\" itemscope=\"itemscope\" itemtype=\"https:\/\/schema.org\/ImageObject\" ><div class=\"avia-image-container-inner\"><div class=\"avia-image-overlay-wrap\"><img decoding=\"async\" class='wp-image-321 avia-img-lazy-loading-not-321 avia_image ' src=\"https:\/\/fsg-group.de\/Website\/wp-content\/uploads\/2023\/02\/stock-exchange-1426331-1.jpg\" alt='' title='stock-exchange-1426331'  height=\"565\" width=\"800\"  itemprop=\"thumbnailUrl\" srcset=\"https:\/\/fsg-group.de\/Website\/wp-content\/uploads\/2023\/02\/stock-exchange-1426331-1.jpg 800w, https:\/\/fsg-group.de\/Website\/wp-content\/uploads\/2023\/02\/stock-exchange-1426331-1-300x212.jpg 300w, https:\/\/fsg-group.de\/Website\/wp-content\/uploads\/2023\/02\/stock-exchange-1426331-1-768x542.jpg 768w, https:\/\/fsg-group.de\/Website\/wp-content\/uploads\/2023\/02\/stock-exchange-1426331-1-260x185.jpg 260w, https:\/\/fsg-group.de\/Website\/wp-content\/uploads\/2023\/02\/stock-exchange-1426331-1-705x498.jpg 705w\" sizes=\"(max-width: 800px) 100vw, 800px\" \/><\/div><\/div><\/div><\/div><section  class='av_textblock_section av-ltn7b25m-4ee5b1aa088bbe6e1e2d8560d48e7556'  itemscope=\"itemscope\" itemtype=\"https:\/\/schema.org\/CreativeWork\" ><div class='avia_textblock'  itemprop=\"text\" ><p><strong>Wie unterst\u00fctzen wir Sie:<\/strong><\/p>\n<p>Wir stehen Ihnen mit einem zertifiziertem Informationssicherheitsbeauftragten bei der Planung, Einf\u00fchrung und Durchf\u00fchrung der IT- Sicherheitsma\u00dfnahmen zur Seite, unsere Aufgaben sind<\/p>\n<ul>\n<li>Bestandsaufnahme der bisherigen Aktivit\u00e4ten zur IT-Sicherheit<\/li>\n<li>Implementierung von IT- Sicherheitskonzepten<\/li>\n<li>Erstellung &#038; Umsetzung von IT- Sicherheitsrichtlinien im Einklang mit Unternehmenszielen und Einhaltung der aktuellen DSGVO-Richtlinien<\/li>\n<li>Kommunikationsschnittstelle zwischen IT- Anbietern, Gesch\u00e4ftsleitung und Mitarbeitern<\/li>\n<li>Dokumentation der IT-Sicherheitsma\u00dfnahmen sowie Kontrolle dieser Ma\u00dfnahmen<\/li>\n<li>Ressourcenoptimierung innerhalb Ihres Unternehmens<\/li>\n<li>Schulung und Sensibilisierung Ihrer Mitarbeiter<\/li>\n<li>wir haften f\u00fcr unsere Beratungsleistung und sind daf\u00fcr \u00fcber unsere Verm\u00f6gensschadenshaftpflicht abgedeckt<\/li>\n<\/ul>\n<\/div><\/section><\/p>\n<section  class='av_textblock_section av-ltn7c8gz-eae1fabed5f9a6b90a549e7b0178339f'  itemscope=\"itemscope\" itemtype=\"https:\/\/schema.org\/CreativeWork\" ><div class='avia_textblock'  itemprop=\"text\" ><p><strong>Was wir f\u00fcr Sie tun:<\/strong><\/p>\n<p>Wir bieten Ihnen eine f\u00f6rdermittelbasierte Beratung zum Stand der IT-Sicherheit in Ihrem Unternehmen und erstellen f\u00fcr Sie einen Pr\u00fcfbericht mit Handlungsempfehlungen, dazu z\u00e4hlen:<\/p>\n<ul>\n<li>Aufnahme relevanter Informationen und Einordnung der IT-Sicherheit<\/li>\n<li>Ermittlung potentieller Gef\u00e4hrdungen und Abweichungen<\/li>\n<li>Ortsbegehung mit Gespr\u00e4chen<\/li>\n<li>gemeinsame Entwicklung eines IT-Sicherheitskonzepts nach BSI-Grundschutz<\/li>\n<\/ul>\n<\/div><\/section>\n<section  class='av_textblock_section av-ltn7dbc4-0c5e0ed5995b85570639c56f26bf3d75'  itemscope=\"itemscope\" itemtype=\"https:\/\/schema.org\/CreativeWork\" ><div class='avia_textblock'  itemprop=\"text\" ><p><strong>Bei Bedarf<\/strong> stellen wir einen externen IT-Sicherheitsbeauftragten mit der entsprechenden Verm\u00f6gensschadenshaftpflichtversicherung.<br \/>\nEin Teil unserer Beratungsleistung ist \u2013 mehrfach \u2013 f\u00f6rderf\u00e4hig (f\u00fcr KMUs*):<\/p>\n<p><strong>IST-Analyse und Erstellung des IT-Sicherheitskonzeptes etc.<\/strong><\/p>\n<table>\n<tbody>\n<tr>\n<th>Kosten in \u20ac<\/th>\n<th>F\u00f6rdersatz<\/th>\n<th>Regionen<\/th>\n<th>F\u00f6rderanteil in \u20ac<\/th>\n<th>Eigenanteil in \u20ac<\/th>\n<th>zzgl. MwSt. in \u20ac<\/th>\n<\/tr>\n<tr>\n<td>3.500,00<\/td>\n<td>80%<\/td>\n<td>neue Bundesl\u00e4nder<br \/>\n(ohne Berlin und<br \/>\nRegion Leipzig)<\/td>\n<td>2.800,00<\/td>\n<td>700,00<\/td>\n<td>665,00<\/td>\n<\/tr>\n<tr>\n<td>3.500,00<\/td>\n<td>50%<\/td>\n<td>alte Bundesl\u00e4nder<br \/>\n(mit Berlin und<br \/>\nRegion Leipzig)<\/td>\n<td>1.750,00<\/td>\n<td>1.750,00<\/td>\n<td>665,00<\/td>\n<\/tr>\n<\/tbody>\n<\/table>\n<p><strong>Externer IT-Sicherheitsbeauftragter<\/strong><\/p>\n<p>Individuelle Vereinbarung einer monatlichen Pauschale gestaffelt anhand der Mitarbeiter, die personenbezogene Daten verarbeiten \/ des Umfangs der Datenverarbeitung bzw. der IT-Systeme.<\/p>\n<p>*KMU: Definition: http:\/\/ec.europa.eu\/growth\/smes\/sme-definition_de<\/p>\n<\/div><\/section>\n<div  class='avia-button-wrap av-ltn7x2li-94fac8bc5b0301e747119d678ce4df27-wrap avia-button-center  avia-builder-el-12  el_after_av_textblock  avia-builder-el-last '><a href='https:\/\/fsg-group.de\/Website\/wp-content\/uploads\/2024\/03\/IT-Sicherheitsbeauftragter.pdf'  class='avia-button av-ltn7x2li-94fac8bc5b0301e747119d678ce4df27 avia-icon_select-yes-left-icon avia-size-small avia-position-center avia-color-theme-color'  target=\"_blank\"  rel=\"noopener noreferrer\" ><span class='avia_button_icon avia_button_icon_left' aria-hidden='true' data-av_icon='\ue84e' data-av_iconfont='entypo-fontello'><\/span><span class='avia_iconbox_title' >Download PDF<\/span><\/a><\/div>\n","protected":false},"excerpt":{"rendered":"","protected":false},"author":1,"featured_media":0,"parent":0,"menu_order":0,"comment_status":"closed","ping_status":"closed","template":"","meta":{"footnotes":""},"class_list":["post-670","page","type-page","status-publish","hentry"],"_links":{"self":[{"href":"https:\/\/fsg-group.de\/Website\/index.php\/wp-json\/wp\/v2\/pages\/670","targetHints":{"allow":["GET"]}}],"collection":[{"href":"https:\/\/fsg-group.de\/Website\/index.php\/wp-json\/wp\/v2\/pages"}],"about":[{"href":"https:\/\/fsg-group.de\/Website\/index.php\/wp-json\/wp\/v2\/types\/page"}],"author":[{"embeddable":true,"href":"https:\/\/fsg-group.de\/Website\/index.php\/wp-json\/wp\/v2\/users\/1"}],"replies":[{"embeddable":true,"href":"https:\/\/fsg-group.de\/Website\/index.php\/wp-json\/wp\/v2\/comments?post=670"}],"version-history":[{"count":17,"href":"https:\/\/fsg-group.de\/Website\/index.php\/wp-json\/wp\/v2\/pages\/670\/revisions"}],"predecessor-version":[{"id":712,"href":"https:\/\/fsg-group.de\/Website\/index.php\/wp-json\/wp\/v2\/pages\/670\/revisions\/712"}],"wp:attachment":[{"href":"https:\/\/fsg-group.de\/Website\/index.php\/wp-json\/wp\/v2\/media?parent=670"}],"curies":[{"name":"wp","href":"https:\/\/api.w.org\/{rel}","templated":true}]}}